{"id":6412,"date":"2026-01-21T13:13:43","date_gmt":"2026-01-21T18:13:43","guid":{"rendered":"https:\/\/lakademiesml.com\/?post_type=product&#038;p=6412"},"modified":"2026-02-16T10:44:45","modified_gmt":"2026-02-16T15:44:45","slug":"signature-identity-barbering","status":"publish","type":"product","link":"https:\/\/lakademiesml.com\/en\/produit\/signature-identity-barbering\/","title":{"rendered":"Signature Identity Barbering : Look &amp; Learn"},"content":{"rendered":"<p><strong>Signature Identity Barbering, the art to transform your hair cut into identity<\/strong><br \/>\nDate: Monday, February 23, <strong>2026<\/strong><\/p>\n<p><strong>Location:<\/strong> 96 rue Blanchard, Local 103 2nd floor, Ste-Th\u00e9r\u00e8se (QC) J7E 4R9<br \/>\n<strong>Hour: <\/strong> 9h00 \u00e0 13h00<br \/>\n<strong>Price:<\/strong> 100,00$ + taxes<\/p>\n<p>&nbsp;<\/p>\n<p><strong>When Barbering becomes an identity!<\/strong><br \/>\nSignature Identity Barbering is advanced barbering training that goes far beyond traditional cutting.<br \/>\nAt the heart of this training is sharing how to create a complete look. Participants will learn to master the appropriate styling for each cut, to enhance structure, volume and finish, both in the salon and for visual presentation. <\/p>\n<p>The class also covers the art of presenting and capturing work:<br \/>\nHow to photograph cuts and beards, understand angles, lighting, positioning and the details that make all the difference to create professional, impactful content aligned with a strong brand image.<\/p>\n<p>The goal: to create coherence between the customer&#8217;s look, the barber&#8217;s vision and the overall aesthetic he wishes to embody.<br \/>\nYou want to:<br \/>\n+ Learn new advanced techniques<br \/>\n+ Develop a visual signature<br \/>\n+ Experience the impact of style and image<\/p>\n","protected":false},"excerpt":{"rendered":"<p>Signature Identity Barbering, the art to transform your hair cut into identity Date: Monday, February 23, 2026 Location: 96 rue Blanchard, Local 103 2nd floor, Ste-Th\u00e9r\u00e8se (QC) J7E 4R9 Hour: 9h00 \u00e0 13h00 Price: 100,00$ + taxes &nbsp; When Barbering becomes an identity! Signature Identity Barbering is advanced barbering training that goes far beyond traditional [&hellip;]<\/p>\n","protected":false},"featured_media":6408,"comment_status":"closed","ping_status":"closed","template":"","meta":{"site-sidebar-layout":"default","site-content-layout":"","ast-site-content-layout":"default","site-content-style":"default","site-sidebar-style":"default","ast-global-header-display":"","ast-banner-title-visibility":"","ast-main-header-display":"","ast-hfb-above-header-display":"","ast-hfb-below-header-display":"","ast-hfb-mobile-header-display":"","site-post-title":"","ast-breadcrumbs-content":"","ast-featured-img":"","footer-sml-layout":"","ast-disable-related-posts":"","theme-transparent-header-meta":"default","adv-header-id-meta":"","stick-header-meta":"default","header-above-stick-meta":"","header-main-stick-meta":"","header-below-stick-meta":"","astra-migrate-meta-layouts":"set","ast-page-background-enabled":"default","ast-page-background-meta":{"desktop":{"background-color":"","background-image":"","background-repeat":"repeat","background-position":"center center","background-size":"auto","background-attachment":"scroll","background-type":"","background-media":"","overlay-type":"","overlay-color":"","overlay-opacity":"","overlay-gradient":""},"tablet":{"background-color":"","background-image":"","background-repeat":"repeat","background-position":"center center","background-size":"auto","background-attachment":"scroll","background-type":"","background-media":"","overlay-type":"","overlay-color":"","overlay-opacity":"","overlay-gradient":""},"mobile":{"background-color":"","background-image":"","background-repeat":"repeat","background-position":"center center","background-size":"auto","background-attachment":"scroll","background-type":"","background-media":"","overlay-type":"","overlay-color":"","overlay-opacity":"","overlay-gradient":""}},"ast-content-background-meta":{"desktop":{"background-color":"var(--ast-global-color-5)","background-image":"","background-repeat":"repeat","background-position":"center center","background-size":"auto","background-attachment":"scroll","background-type":"","background-media":"","overlay-type":"","overlay-color":"","overlay-opacity":"","overlay-gradient":""},"tablet":{"background-color":"var(--ast-global-color-5)","background-image":"","background-repeat":"repeat","background-position":"center center","background-size":"auto","background-attachment":"scroll","background-type":"","background-media":"","overlay-type":"","overlay-color":"","overlay-opacity":"","overlay-gradient":""},"mobile":{"background-color":"var(--ast-global-color-5)","background-image":"","background-repeat":"repeat","background-position":"center center","background-size":"auto","background-attachment":"scroll","background-type":"","background-media":"","overlay-type":"","overlay-color":"","overlay-opacity":"","overlay-gradient":""}}},"product_brand":[],"product_cat":[113,129],"product_tag":[],"class_list":{"0":"post-6412","1":"product","2":"type-product","3":"status-publish","4":"has-post-thumbnail","6":"product_cat-face-to-face-training","7":"product_cat-training-en","8":"desktop-align-left","9":"tablet-align-left","10":"mobile-align-left","11":"ast-product-gallery-layout-vertical","12":"ast-product-gallery-with-no-image","13":"ast-magnify-disabled","14":"ast-product-tabs-layout-accordion","16":"first","17":"instock","18":"virtual","19":"taxable","20":"purchasable","21":"product-type-simple"},"_links":{"self":[{"href":"https:\/\/lakademiesml.com\/en\/wp-json\/wp\/v2\/product\/6412","targetHints":{"allow":["GET"]}}],"collection":[{"href":"https:\/\/lakademiesml.com\/en\/wp-json\/wp\/v2\/product"}],"about":[{"href":"https:\/\/lakademiesml.com\/en\/wp-json\/wp\/v2\/types\/product"}],"replies":[{"embeddable":true,"href":"https:\/\/lakademiesml.com\/en\/wp-json\/wp\/v2\/comments?post=6412"}],"wp:featuredmedia":[{"embeddable":true,"href":"https:\/\/lakademiesml.com\/en\/wp-json\/wp\/v2\/media\/6408"}],"wp:attachment":[{"href":"https:\/\/lakademiesml.com\/en\/wp-json\/wp\/v2\/media?parent=6412"}],"wp:term":[{"taxonomy":"product_brand","embeddable":true,"href":"https:\/\/lakademiesml.com\/en\/wp-json\/wp\/v2\/product_brand?post=6412"},{"taxonomy":"product_cat","embeddable":true,"href":"https:\/\/lakademiesml.com\/en\/wp-json\/wp\/v2\/product_cat?post=6412"},{"taxonomy":"product_tag","embeddable":true,"href":"https:\/\/lakademiesml.com\/en\/wp-json\/wp\/v2\/product_tag?post=6412"}],"curies":[{"name":"wp","href":"https:\/\/api.w.org\/{rel}","templated":true}]}}